{"id":2186,"date":"2019-12-29T21:01:41","date_gmt":"2019-12-29T20:01:41","guid":{"rendered":"https:\/\/marwan-abado.net\/wordpress\/?page_id=2186"},"modified":"2019-12-29T21:07:04","modified_gmt":"2019-12-29T20:07:04","slug":"videos","status":"publish","type":"page","link":"https:\/\/marwan-abado.net\/ar\/videos\/","title":{"rendered":"\u0639\u0631\u0648\u0636 \u0645\u0635\u0648\u0631\u0629"},"content":{"rendered":"<div class=\"wpb-content-wrapper\"><p>[vc_row][vc_column width=&#8221;1\/3&#8243;][vc_video link=&#8221;http:\/\/youtu.be\/w3R5otxZ6ps&#8221; align=&#8221;center&#8221; title=&#8221;&#8220;Sounds of Hope and Connecting&#8220; &#8211; Mobile Musikschule&#8221; el_class=&#8221;videoseite&#8221;][\/vc_column][vc_column width=&#8221;1\/3&#8243;][vc_video link=&#8221;http:\/\/www.youtube.com\/watch?v=VWDe0Nnq7nk&#8221; title=&#8221;Marwan Abado- Ein Konzert mit und f\u00fcr Fl\u00fcchtlinge in \u00d6sterreich&#8221; el_class=&#8221;videoseite&#8221;][vc_column_text css=&#8221;.vc_custom_1577649997798{margin-top: 0px !important;padding-top: 0px !important;}&#8221;]W\u00e4hrend der Tagung der N-O-W Konferenz in Wien[\/vc_column_text][\/vc_column][vc_column width=&#8221;1\/3&#8243;][vc_video link=&#8221;https:\/\/youtu.be\/fLh08N3XCsc&#8221; title=&#8221;Marwan Abado in HEIMAT fremde HEIMAT, ORF2&#8243; el_class=&#8221;videoseite&#8221;][\/vc_column][\/vc_row][vc_row css=&#8221;.vc_custom_1577650021982{margin-top: 50px !important;}&#8221;][vc_column width=&#8221;1\/3&#8243;][vc_video link=&#8221;https:\/\/youtu.be\/BaZRU-apltk&#8221; align=&#8221;center&#8221; title=&#8221;Palestine remains my melody&#8221; el_class=&#8221;videoseite&#8221;][\/vc_column][vc_column width=&#8221;1\/3&#8243;][vc_video link=&#8221;https:\/\/youtu.be\/2p7cAM9sNSI&#8221; title=&#8221;Marwan Abado &amp; Band &#8220;Nard&#8220;&#8221; el_class=&#8221;videoseite&#8221;][vc_column_text]Live in Amman, 2008 &#8211; Part I[\/vc_column_text][\/vc_column][vc_column width=&#8221;1\/3&#8243;][vc_video link=&#8221;https:\/\/youtu.be\/857BhyHRvpE&#8221; title=&#8221;Marwan Abado &amp; Band &#8220;Nard&#8220;&#8221; el_class=&#8221;videoseite&#8221;][vc_column_text]Live in Amman, 2008 &#8211; Part II[\/vc_column_text][\/vc_column][\/vc_row][vc_row][vc_column][vc_empty_space height=&#8221;80px&#8221;][\/vc_column][\/vc_row]<\/p>\n<\/div>","protected":false},"excerpt":{"rendered":"<p>[vc_row][vc_column width=&#8221;1\/3&#8243;][vc_video link=&#8221;http:\/\/youtu.be\/w3R5otxZ6ps&#8221; align=&#8221;center&#8221; title=&#8221;&#8220;Sounds of Hope and Connecting&#8220; &#8211; Mobile Musikschule&#8221; el_class=&#8221;videoseite&#8221;][\/vc_column][vc_column width=&#8221;1\/3&#8243;][vc_video link=&#8221;http:\/\/www.youtube.com\/watch?v=VWDe0Nnq7nk&#8221; title=&#8221;Marwan Abado- Ein Konzert mit und f\u00fcr Fl\u00fcchtlinge in \u00d6sterreich&#8221; el_class=&#8221;videoseite&#8221;][vc_column_text css=&#8221;.vc_custom_1577649997798{margin-top: 0px !important;padding-top: 0px !important;}&#8221;]W\u00e4hrend der Tagung der N-O-W Konferenz in Wien[\/vc_column_text][\/vc_column][vc_column width=&#8221;1\/3&#8243;][vc_video link=&#8221;https:\/\/youtu.be\/fLh08N3XCsc&#8221; title=&#8221;Marwan Abado in HEIMAT fremde HEIMAT, ORF2&#8243; el_class=&#8221;videoseite&#8221;][\/vc_column][\/vc_row][vc_row css=&#8221;.vc_custom_1577650021982{margin-top: 50px&#8230;<\/p>\n","protected":false},"author":1,"featured_media":0,"parent":0,"menu_order":0,"comment_status":"closed","ping_status":"closed","template":"","meta":{"footnotes":""},"class_list":["post-2186","page","type-page","status-publish","hentry"],"yoast_head":"<!-- This site is optimized with the Yoast SEO plugin v27.3 - https:\/\/yoast.com\/product\/yoast-seo-wordpress\/ -->\n<title>\u0639\u0631\u0648\u0636 \u0645\u0635\u0648\u0631\u0629 - Marwan Abado<\/title>\n<meta name=\"robots\" content=\"index, follow, max-snippet:-1, max-image-preview:large, max-video-preview:-1\" \/>\n<link rel=\"canonical\" href=\"https:\/\/marwan-abado.net\/ar\/videos\/\" \/>\n<meta property=\"og:locale\" content=\"ar_AR\" \/>\n<meta property=\"og:type\" content=\"article\" \/>\n<meta property=\"og:title\" content=\"\u0639\u0631\u0648\u0636 \u0645\u0635\u0648\u0631\u0629 - Marwan Abado\" \/>\n<meta property=\"og:description\" content=\"[vc_row][vc_column width=&#8221;1\/3&#8243;][vc_video link=&#8221;http:\/\/youtu.be\/w3R5otxZ6ps&#8221; align=&#8221;center&#8221; title=&#8221;&#8220;Sounds of Hope and Connecting&#8220; &#8211; Mobile Musikschule&#8221; el_class=&#8221;videoseite&#8221;][\/vc_column][vc_column width=&#8221;1\/3&#8243;][vc_video link=&#8221;http:\/\/www.youtube.com\/watch?v=VWDe0Nnq7nk&#8221; title=&#8221;Marwan Abado- Ein Konzert mit und f\u00fcr Fl\u00fcchtlinge in \u00d6sterreich&#8221; el_class=&#8221;videoseite&#8221;][vc_column_text css=&#8221;.vc_custom_1577649997798{margin-top: 0px !important;padding-top: 0px !important;}&#8221;]W\u00e4hrend der Tagung der N-O-W Konferenz in Wien[\/vc_column_text][\/vc_column][vc_column width=&#8221;1\/3&#8243;][vc_video link=&#8221;https:\/\/youtu.be\/fLh08N3XCsc&#8221; title=&#8221;Marwan Abado in HEIMAT fremde HEIMAT, ORF2&#8243; el_class=&#8221;videoseite&#8221;][\/vc_column][\/vc_row][vc_row css=&#8221;.vc_custom_1577650021982{margin-top: 50px...\" \/>\n<meta property=\"og:url\" content=\"https:\/\/marwan-abado.net\/ar\/videos\/\" \/>\n<meta property=\"og:site_name\" content=\"Marwan Abado\" \/>\n<meta property=\"article:modified_time\" content=\"2019-12-29T20:07:04+00:00\" \/>\n<meta name=\"twitter:card\" content=\"summary_large_image\" \/>\n<meta name=\"twitter:label1\" content=\"\u0648\u0642\u062a \u0627\u0644\u0642\u0631\u0627\u0621\u0629 \u0627\u0644\u0645\u064f\u0642\u062f\u0651\u0631\" \/>\n\t<meta name=\"twitter:data1\" content=\"1 \u062f\u0642\u064a\u0642\u0629\" \/>\n<script type=\"application\/ld+json\" class=\"yoast-schema-graph\">{\"@context\":\"https:\\\/\\\/schema.org\",\"@graph\":[{\"@type\":\"WebPage\",\"@id\":\"https:\\\/\\\/marwan-abado.net\\\/ar\\\/videos\\\/\",\"url\":\"https:\\\/\\\/marwan-abado.net\\\/ar\\\/videos\\\/\",\"name\":\"\u0639\u0631\u0648\u0636 \u0645\u0635\u0648\u0631\u0629 - Marwan Abado\",\"isPartOf\":{\"@id\":\"https:\\\/\\\/marwan-abado.net\\\/#website\"},\"datePublished\":\"2019-12-29T20:01:41+00:00\",\"dateModified\":\"2019-12-29T20:07:04+00:00\",\"breadcrumb\":{\"@id\":\"https:\\\/\\\/marwan-abado.net\\\/ar\\\/videos\\\/#breadcrumb\"},\"inLanguage\":\"ar\",\"potentialAction\":[{\"@type\":\"ReadAction\",\"target\":[\"https:\\\/\\\/marwan-abado.net\\\/ar\\\/videos\\\/\"]}]},{\"@type\":\"BreadcrumbList\",\"@id\":\"https:\\\/\\\/marwan-abado.net\\\/ar\\\/videos\\\/#breadcrumb\",\"itemListElement\":[{\"@type\":\"ListItem\",\"position\":1,\"name\":\"Startseite\",\"item\":\"https:\\\/\\\/marwan-abado.net\\\/ar\\\/\"},{\"@type\":\"ListItem\",\"position\":2,\"name\":\"\u0639\u0631\u0648\u0636 \u0645\u0635\u0648\u0631\u0629\"}]},{\"@type\":\"WebSite\",\"@id\":\"https:\\\/\\\/marwan-abado.net\\\/#website\",\"url\":\"https:\\\/\\\/marwan-abado.net\\\/\",\"name\":\"Marwan Abado\",\"description\":\"Musiker - Songwriter - Projektleiter\",\"publisher\":{\"@id\":\"https:\\\/\\\/marwan-abado.net\\\/#organization\"},\"potentialAction\":[{\"@type\":\"SearchAction\",\"target\":{\"@type\":\"EntryPoint\",\"urlTemplate\":\"https:\\\/\\\/marwan-abado.net\\\/?s={search_term_string}\"},\"query-input\":{\"@type\":\"PropertyValueSpecification\",\"valueRequired\":true,\"valueName\":\"search_term_string\"}}],\"inLanguage\":\"ar\"},{\"@type\":\"Organization\",\"@id\":\"https:\\\/\\\/marwan-abado.net\\\/#organization\",\"name\":\"Marwan Abado\",\"url\":\"https:\\\/\\\/marwan-abado.net\\\/\",\"logo\":{\"@type\":\"ImageObject\",\"inLanguage\":\"ar\",\"@id\":\"https:\\\/\\\/marwan-abado.net\\\/#\\\/schema\\\/logo\\\/image\\\/\",\"url\":\"https:\\\/\\\/marwan-abado.net\\\/wp-content\\\/uploads\\\/2020\\\/01\\\/Marwan-Abado-Oud.jpg\",\"contentUrl\":\"https:\\\/\\\/marwan-abado.net\\\/wp-content\\\/uploads\\\/2020\\\/01\\\/Marwan-Abado-Oud.jpg\",\"width\":1200,\"height\":800,\"caption\":\"Marwan Abado\"},\"image\":{\"@id\":\"https:\\\/\\\/marwan-abado.net\\\/#\\\/schema\\\/logo\\\/image\\\/\"}}]}<\/script>\n<!-- \/ Yoast SEO plugin. -->","yoast_head_json":{"title":"\u0639\u0631\u0648\u0636 \u0645\u0635\u0648\u0631\u0629 - Marwan Abado","robots":{"index":"index","follow":"follow","max-snippet":"max-snippet:-1","max-image-preview":"max-image-preview:large","max-video-preview":"max-video-preview:-1"},"canonical":"https:\/\/marwan-abado.net\/ar\/videos\/","og_locale":"ar_AR","og_type":"article","og_title":"\u0639\u0631\u0648\u0636 \u0645\u0635\u0648\u0631\u0629 - Marwan Abado","og_description":"[vc_row][vc_column width=&#8221;1\/3&#8243;][vc_video link=&#8221;http:\/\/youtu.be\/w3R5otxZ6ps&#8221; align=&#8221;center&#8221; title=&#8221;&#8220;Sounds of Hope and Connecting&#8220; &#8211; Mobile Musikschule&#8221; el_class=&#8221;videoseite&#8221;][\/vc_column][vc_column width=&#8221;1\/3&#8243;][vc_video link=&#8221;http:\/\/www.youtube.com\/watch?v=VWDe0Nnq7nk&#8221; title=&#8221;Marwan Abado- Ein Konzert mit und f\u00fcr Fl\u00fcchtlinge in \u00d6sterreich&#8221; el_class=&#8221;videoseite&#8221;][vc_column_text css=&#8221;.vc_custom_1577649997798{margin-top: 0px !important;padding-top: 0px !important;}&#8221;]W\u00e4hrend der Tagung der N-O-W Konferenz in Wien[\/vc_column_text][\/vc_column][vc_column width=&#8221;1\/3&#8243;][vc_video link=&#8221;https:\/\/youtu.be\/fLh08N3XCsc&#8221; title=&#8221;Marwan Abado in HEIMAT fremde HEIMAT, ORF2&#8243; el_class=&#8221;videoseite&#8221;][\/vc_column][\/vc_row][vc_row css=&#8221;.vc_custom_1577650021982{margin-top: 50px...","og_url":"https:\/\/marwan-abado.net\/ar\/videos\/","og_site_name":"Marwan Abado","article_modified_time":"2019-12-29T20:07:04+00:00","twitter_card":"summary_large_image","twitter_misc":{"\u0648\u0642\u062a \u0627\u0644\u0642\u0631\u0627\u0621\u0629 \u0627\u0644\u0645\u064f\u0642\u062f\u0651\u0631":"1 \u062f\u0642\u064a\u0642\u0629"},"schema":{"@context":"https:\/\/schema.org","@graph":[{"@type":"WebPage","@id":"https:\/\/marwan-abado.net\/ar\/videos\/","url":"https:\/\/marwan-abado.net\/ar\/videos\/","name":"\u0639\u0631\u0648\u0636 \u0645\u0635\u0648\u0631\u0629 - Marwan Abado","isPartOf":{"@id":"https:\/\/marwan-abado.net\/#website"},"datePublished":"2019-12-29T20:01:41+00:00","dateModified":"2019-12-29T20:07:04+00:00","breadcrumb":{"@id":"https:\/\/marwan-abado.net\/ar\/videos\/#breadcrumb"},"inLanguage":"ar","potentialAction":[{"@type":"ReadAction","target":["https:\/\/marwan-abado.net\/ar\/videos\/"]}]},{"@type":"BreadcrumbList","@id":"https:\/\/marwan-abado.net\/ar\/videos\/#breadcrumb","itemListElement":[{"@type":"ListItem","position":1,"name":"Startseite","item":"https:\/\/marwan-abado.net\/ar\/"},{"@type":"ListItem","position":2,"name":"\u0639\u0631\u0648\u0636 \u0645\u0635\u0648\u0631\u0629"}]},{"@type":"WebSite","@id":"https:\/\/marwan-abado.net\/#website","url":"https:\/\/marwan-abado.net\/","name":"Marwan Abado","description":"Musiker - Songwriter - Projektleiter","publisher":{"@id":"https:\/\/marwan-abado.net\/#organization"},"potentialAction":[{"@type":"SearchAction","target":{"@type":"EntryPoint","urlTemplate":"https:\/\/marwan-abado.net\/?s={search_term_string}"},"query-input":{"@type":"PropertyValueSpecification","valueRequired":true,"valueName":"search_term_string"}}],"inLanguage":"ar"},{"@type":"Organization","@id":"https:\/\/marwan-abado.net\/#organization","name":"Marwan Abado","url":"https:\/\/marwan-abado.net\/","logo":{"@type":"ImageObject","inLanguage":"ar","@id":"https:\/\/marwan-abado.net\/#\/schema\/logo\/image\/","url":"https:\/\/marwan-abado.net\/wp-content\/uploads\/2020\/01\/Marwan-Abado-Oud.jpg","contentUrl":"https:\/\/marwan-abado.net\/wp-content\/uploads\/2020\/01\/Marwan-Abado-Oud.jpg","width":1200,"height":800,"caption":"Marwan Abado"},"image":{"@id":"https:\/\/marwan-abado.net\/#\/schema\/logo\/image\/"}}]}},"_links":{"self":[{"href":"https:\/\/marwan-abado.net\/ar\/wp-json\/wp\/v2\/pages\/2186","targetHints":{"allow":["GET"]}}],"collection":[{"href":"https:\/\/marwan-abado.net\/ar\/wp-json\/wp\/v2\/pages"}],"about":[{"href":"https:\/\/marwan-abado.net\/ar\/wp-json\/wp\/v2\/types\/page"}],"author":[{"embeddable":true,"href":"https:\/\/marwan-abado.net\/ar\/wp-json\/wp\/v2\/users\/1"}],"replies":[{"embeddable":true,"href":"https:\/\/marwan-abado.net\/ar\/wp-json\/wp\/v2\/comments?post=2186"}],"version-history":[{"count":7,"href":"https:\/\/marwan-abado.net\/ar\/wp-json\/wp\/v2\/pages\/2186\/revisions"}],"predecessor-version":[{"id":2195,"href":"https:\/\/marwan-abado.net\/ar\/wp-json\/wp\/v2\/pages\/2186\/revisions\/2195"}],"wp:attachment":[{"href":"https:\/\/marwan-abado.net\/ar\/wp-json\/wp\/v2\/media?parent=2186"}],"curies":[{"name":"wp","href":"https:\/\/api.w.org\/{rel}","templated":true}]}}